{"id":95,"date":"2024-08-14T21:35:46","date_gmt":"2024-08-14T18:35:46","guid":{"rendered":"https:\/\/nevelendustriyel.com\/?page_id=95"},"modified":"2024-08-14T21:35:46","modified_gmt":"2024-08-14T18:35:46","slug":"hakkimizda","status":"publish","type":"page","link":"https:\/\/nevelendustriyel.com\/en\/hakkimizda","title":{"rendered":"About Us"},"content":{"rendered":"<p>Nevel Industrial Automation was founded in 2024 by Aslan Levent G\u00dcND\u00dcZ and aims to provide innovative and reliable solutions in the field of industrial automation. Our founder's 35 years of industry experience has made our company a leading and reliable business partner in its field.<\/p>\n\n\n\n<p>Our company, which specialises in the supply of materials in electrical, electronic, pneumatic, hydraulic and process systems, also responds to all the needs of our customers by offering high quality and special products in the field of lighting. With years of experience and knowledge, we aim to provide the best service to our customers by following the latest technologies and trends in the sector.<\/p>\n\n\n\n<p>As Nevel Industrial Automation, we will continue to offer the best applications in the sector by always prioritising quality, reliability and customer satisfaction.<\/p>","protected":false},"excerpt":{"rendered":"<p>Nevel End\u00fcstriyel Otomasyon, 2024 y\u0131l\u0131nda Aslan Levent G\u00dcND\u00dcZ taraf\u0131ndan kurulmu\u015f olup, end\u00fcstriyel otomasyon alan\u0131nda yenilik\u00e7i ve g\u00fcvenilir \u00e7\u00f6z\u00fcmler sunmay\u0131 hedeflemektedir. Kurucumuzun 35 y\u0131ll\u0131k sekt\u00f6r tecr\u00fcbesi, firmam\u0131z\u0131 alan\u0131nda lider ve g\u00fcvenilir bir i\u015f orta\u011f\u0131 haline getirmi\u015ftir. Elektrik, elektronik, pn\u00f6matik, hidrolik ve proses sistemlerinde malzeme temini konusunda uzmanla\u015fan firmam\u0131z, ayn\u0131 zamanda ayd\u0131nlatma alan\u0131nda da y\u00fcksek kaliteli ve [&hellip;]<\/p>\n","protected":false},"author":1,"featured_media":0,"parent":0,"menu_order":0,"comment_status":"closed","ping_status":"closed","template":"","meta":{"footnotes":""},"class_list":["post-95","page","type-page","status-publish","hentry"],"_links":{"self":[{"href":"https:\/\/nevelendustriyel.com\/en\/wp-json\/wp\/v2\/pages\/95","targetHints":{"allow":["GET"]}}],"collection":[{"href":"https:\/\/nevelendustriyel.com\/en\/wp-json\/wp\/v2\/pages"}],"about":[{"href":"https:\/\/nevelendustriyel.com\/en\/wp-json\/wp\/v2\/types\/page"}],"author":[{"embeddable":true,"href":"https:\/\/nevelendustriyel.com\/en\/wp-json\/wp\/v2\/users\/1"}],"replies":[{"embeddable":true,"href":"https:\/\/nevelendustriyel.com\/en\/wp-json\/wp\/v2\/comments?post=95"}],"version-history":[{"count":1,"href":"https:\/\/nevelendustriyel.com\/en\/wp-json\/wp\/v2\/pages\/95\/revisions"}],"predecessor-version":[{"id":96,"href":"https:\/\/nevelendustriyel.com\/en\/wp-json\/wp\/v2\/pages\/95\/revisions\/96"}],"wp:attachment":[{"href":"https:\/\/nevelendustriyel.com\/en\/wp-json\/wp\/v2\/media?parent=95"}],"curies":[{"name":"wp","href":"https:\/\/api.w.org\/{rel}","templated":true}]}}